{"id":25,"date":"2018-12-05T11:55:11","date_gmt":"2018-12-05T11:55:11","guid":{"rendered":"http:\/\/foror.uniri.hr\/?page_id=25"},"modified":"2021-12-03T13:09:03","modified_gmt":"2021-12-03T13:09:03","slug":"projektni-tim","status":"publish","type":"page","link":"https:\/\/foror.uniri.hr\/?page_id=25","title":{"rendered":"Projektni tim"},"content":{"rendered":"<p><strong>Voditeljica projekta:<\/strong> <a href=\"https:\/\/portal.uniri.hr\/Portfelj\/760\">izv.prof.dr.sc. Bojana \u0106ulum Ili\u0107<\/a>,\u00a0Filozofski fakultet Sveu\u010dili\u0161ta u Rijeci<\/p>\n<p><strong>\u010clanovi projektnog tima:<\/strong><\/p>\n<p><a href=\"https:\/\/portal.uniri.hr\/Portfelj\/1072\">izv.prof.dr.sc. Nena Ron\u010devi\u0107<\/a>, Filozofski fakultet Sveu\u010dili\u0161ta u Rijeci<\/p>\n<p><a href=\"https:\/\/portal.uniri.hr\/Portfelj\/772\">izv.prof.dr.sc. Sini\u0161a Ku\u0161i\u0107<\/a>,\u00a0Filozofski fakultet Sveu\u010dili\u0161ta u Rijeci<\/p>\n<p><a href=\"https:\/\/portal.uniri.hr\/Portfelj\/2718\">Nadja \u010cekolj<\/a>, mag. paed. et soc.,\u00a0Filozofski fakultet Sveu\u010dili\u0161ta u Rijeci<\/p>\n<p><a href=\"https:\/\/portal.uniri.hr\/Portfelj\/2424\">dr.sc. Nena Vukeli\u0107<\/a>, Filozofski fakultet Sveu\u010dili\u0161ta u Rijeci<\/p>\n<p><a href=\"http:\/\/www.idi.hr\/o-nama\/zaposlenici\/znanstveni-suradnici\/branko-ancic\/\">doc.dr.sc. Branko An\u010di\u0107<\/a>,\u00a0Institut za dru\u0161tvena istra\u017eivanja u Zagrebu<\/p>\n<p><a href=\"http:\/\/www.idi.hr\/o-nama\/zaposlenici\/znanstveni-suradnici\/anja-gvozdanovic\/\">dr.sc. Anja Gvozdanovi\u0107<\/a>,\u00a0Institut za dru\u0161tvena istra\u017eivanja u Zagrebu<\/p>\n<p><a href=\"https:\/\/www.idi.hr\/o-nama\/zaposlenici\/visi-znanstveni-suradnici\/marija-brajdic-vukovic\/\">izv.prof.dr.sc. Marija Brajdi\u0107 Vukovi\u0107<\/a>, Institut za dru\u0161tvena istra\u017eivanja u Zagrebu<\/p>\n","protected":false},"excerpt":{"rendered":"<p>Voditeljica projekta: izv.prof.dr.sc. Bojana \u0106ulum Ili\u0107,\u00a0Filozofski fakultet Sveu\u010dili\u0161ta u Rijeci \u010clanovi projektnog tima: izv.prof.dr.sc. Nena Ron\u010devi\u0107, Filozofski fakultet Sveu\u010dili\u0161ta u Rijeci izv.prof.dr.sc. Sini\u0161a Ku\u0161i\u0107,\u00a0Filozofski fakultet Sveu\u010dili\u0161ta u Rijeci Nadja \u010cekolj, mag. paed. et soc.,\u00a0Filozofski fakultet Sveu\u010dili\u0161ta u Rijeci dr.sc. Nena Vukeli\u0107, Filozofski fakultet Sveu\u010dili\u0161ta u Rijeci doc.dr.sc. Branko An\u010di\u0107,\u00a0Institut za dru\u0161tvena istra\u017eivanja u Zagrebu dr.sc. &hellip; <\/p>\n<p class=\"link-more\"><a href=\"https:\/\/foror.uniri.hr\/?page_id=25\" class=\"more-link\">Nastavi \u010ditati<span class=\"screen-reader-text\"> &#8220;Projektni tim&#8221;<\/span><\/a><\/p>\n","protected":false},"author":2,"featured_media":0,"parent":0,"menu_order":0,"comment_status":"closed","ping_status":"closed","template":"","meta":[],"_links":{"self":[{"href":"https:\/\/foror.uniri.hr\/index.php?rest_route=\/wp\/v2\/pages\/25"}],"collection":[{"href":"https:\/\/foror.uniri.hr\/index.php?rest_route=\/wp\/v2\/pages"}],"about":[{"href":"https:\/\/foror.uniri.hr\/index.php?rest_route=\/wp\/v2\/types\/page"}],"author":[{"embeddable":true,"href":"https:\/\/foror.uniri.hr\/index.php?rest_route=\/wp\/v2\/users\/2"}],"replies":[{"embeddable":true,"href":"https:\/\/foror.uniri.hr\/index.php?rest_route=%2Fwp%2Fv2%2Fcomments&post=25"}],"version-history":[{"count":6,"href":"https:\/\/foror.uniri.hr\/index.php?rest_route=\/wp\/v2\/pages\/25\/revisions"}],"predecessor-version":[{"id":403,"href":"https:\/\/foror.uniri.hr\/index.php?rest_route=\/wp\/v2\/pages\/25\/revisions\/403"}],"wp:attachment":[{"href":"https:\/\/foror.uniri.hr\/index.php?rest_route=%2Fwp%2Fv2%2Fmedia&parent=25"}],"curies":[{"name":"wp","href":"https:\/\/api.w.org\/{rel}","templated":true}]}}