{"id":70,"date":"2019-03-31T16:21:16","date_gmt":"2019-03-31T16:21:16","guid":{"rendered":"http:\/\/foror.uniri.hr\/?page_id=70"},"modified":"2022-01-28T07:37:07","modified_gmt":"2022-01-28T07:37:07","slug":"project-team","status":"publish","type":"page","link":"https:\/\/foror.uniri.hr\/?page_id=70&lang=en","title":{"rendered":"Project team"},"content":{"rendered":"<p><strong>Project leader:<\/strong>\u00a0<a href=\"https:\/\/portal.uniri.hr\/Portfelj\/760\">Bojana \u0106ulum Ili\u0107<\/a>, Ph.D, Faculty of Humanities and Social Sciences, University of Rijeka<\/p>\n<p><strong>Project team members:<\/strong><\/p>\n<p><a href=\"https:\/\/portal.uniri.hr\/Portfelj\/1072\">Nena Ron\u010devi\u0107<\/a>, Ph.D, Faculty of Humanities and Social Sciences, University of Rijeka<\/p>\n<p><a href=\"https:\/\/portal.uniri.hr\/Portfelj\/772\">Sini\u0161a Ku\u0161i\u0107<\/a>, Ph.D, Faculty of Humanities and Social Sciences, University of Rijeka<\/p>\n<p><a href=\"https:\/\/portal.uniri.hr\/Portfelj\/2718\">Nadja \u010cekolj<\/a>, mag. paed. et soc.,Faculty of Humanities and Social Sciences, University of Rijeka<\/p>\n<p><a href=\"https:\/\/portal.uniri.hr\/Portfelj\/2424\">Nena Vukeli\u0107<\/a>, Ph.D,Faculty of Humanities and Social Sciences, University of Rijeka<\/p>\n<p><a href=\"http:\/\/www.idi.hr\/o-nama\/zaposlenici\/znanstveni-suradnici\/branko-ancic\/\">Branko An\u010di\u0107<\/a>, Ph.D, Institute for Social Research in Zagreb<\/p>\n<p><a href=\"http:\/\/www.idi.hr\/o-nama\/zaposlenici\/znanstveni-suradnici\/anja-gvozdanovic\/\">Anja Gvozdanovi\u0107<\/a>, Ph.D, Institute for Social Research in Zagreb<\/p>\n<p><a href=\"https:\/\/www.idi.hr\/o-nama\/zaposlenici\/visi-znanstveni-suradnici\/marija-brajdic-vukovic\/\">Marija Brajdi\u0107 Vukovi\u0107<\/a>, Ph.D., Institute for Social Research in Zagreb<\/p>\n","protected":false},"excerpt":{"rendered":"<p>Project leader:\u00a0Bojana \u0106ulum Ili\u0107, Ph.D, Faculty of Humanities and Social Sciences, University of Rijeka Project team members: Nena Ron\u010devi\u0107, Ph.D, Faculty of Humanities and Social Sciences, University of Rijeka Sini\u0161a Ku\u0161i\u0107, Ph.D, Faculty of Humanities and Social Sciences, University of Rijeka Nadja \u010cekolj, mag. paed. et soc.,Faculty of Humanities and Social Sciences, University of Rijeka &hellip; <\/p>\n<p class=\"link-more\"><a href=\"https:\/\/foror.uniri.hr\/?page_id=70&#038;lang=en\" class=\"more-link\">Nastavi \u010ditati<span class=\"screen-reader-text\"> &#8220;Project team&#8221;<\/span><\/a><\/p>\n","protected":false},"author":2,"featured_media":0,"parent":0,"menu_order":0,"comment_status":"closed","ping_status":"closed","template":"","meta":[],"_links":{"self":[{"href":"https:\/\/foror.uniri.hr\/index.php?rest_route=\/wp\/v2\/pages\/70"}],"collection":[{"href":"https:\/\/foror.uniri.hr\/index.php?rest_route=\/wp\/v2\/pages"}],"about":[{"href":"https:\/\/foror.uniri.hr\/index.php?rest_route=\/wp\/v2\/types\/page"}],"author":[{"embeddable":true,"href":"https:\/\/foror.uniri.hr\/index.php?rest_route=\/wp\/v2\/users\/2"}],"replies":[{"embeddable":true,"href":"https:\/\/foror.uniri.hr\/index.php?rest_route=%2Fwp%2Fv2%2Fcomments&post=70"}],"version-history":[{"count":4,"href":"https:\/\/foror.uniri.hr\/index.php?rest_route=\/wp\/v2\/pages\/70\/revisions"}],"predecessor-version":[{"id":405,"href":"https:\/\/foror.uniri.hr\/index.php?rest_route=\/wp\/v2\/pages\/70\/revisions\/405"}],"wp:attachment":[{"href":"https:\/\/foror.uniri.hr\/index.php?rest_route=%2Fwp%2Fv2%2Fmedia&parent=70"}],"curies":[{"name":"wp","href":"https:\/\/api.w.org\/{rel}","templated":true}]}}